{"id":1377,"date":"2026-01-28T14:48:03","date_gmt":"2026-01-28T13:48:03","guid":{"rendered":"https:\/\/piatkosia.k4be.pl\/wordpress\/?page_id=1377"},"modified":"2026-01-28T14:49:21","modified_gmt":"2026-01-28T13:49:21","slug":"zapros-mnie-do-siebie","status":"publish","type":"page","link":"https:\/\/piatkosia.k4be.pl\/wordpress\/zapros-mnie-do-siebie\/","title":{"rendered":"Zapro\u015b mnie do siebie"},"content":{"rendered":"<p>Ta strona b\u0119dzie aktualizowana;)<\/p>\n<p style=\"text-align: justify;\">Dzie\u0144 dobry.<\/p>\n<p style=\"text-align: justify;\">Jestem Angelika, studentka 5 roku psychologii, mgr in\u017c. informatyki, terapeutka TSR i RTZ, programistka, prezes Fundacji Polski Instytut Cyberpsychologii, Cyberpsychopatologii i Cyberpsychotraumatologii (w skr\u00f3cie Instytutu Cyberpsychologii. Posiadam r\u00f3wnie\u017c wykszta\u0142cenie w postaci studi\u00f3w podyplomowych z zakresu BHP, zielarstwa, rolnictwa, cyberbezpiecze\u0144stwa, programowania, a tak\u017ce interwencji kryzysowej. Mam pozwolenie radiowe w s\u0142u\u017cbie radioamatorskiej, oraz posiadam \u015bwiadectwo kwalifikacji opiekuna wypoczynku dzieci i m\u0142odzie\u017cy i aktualne za\u015bwiadczenie o niekaralno\u015bci. Mam mo\u017cliwo\u015b\u0107 przeprowadzenia r\u00f3\u017cnych aktywo\u015bci dla mieszka\u0144c\u00f3w ZA DARMO w ramach fundacji i stowarzysze\u0144, do kt\u00f3rych nale\u017c\u0119.<\/p>\n<p style=\"text-align: justify;\"><span style=\"text-decoration: underline;\"><strong>Przyk\u0142ady:<\/strong><\/span><\/p>\n<p>*****************W ramach Instytutu Cyberpsychologii:***************************************<\/p>\n<p>Propozycje warsztat\u00f3w dla szk\u00f3\u0142 podstawowych i \u015brednich, grup harcerskich, dom\u00f3w dziecka, \u015bwietlic socjoterapeutycznych, klub\u00f3w i innych podobnych miejsc:<br \/>\n1) Wirtual jest realny \u2013 czyli jak by\u0107 sob\u0105 w sieci i nie czyni\u0107 szkody innym.<br \/>\n2) Mie\u0107 czas na wszystko \u2013 czyli jak korzysta\u0107 z sieci, by si\u0119 nie uzale\u017cni\u0107.<br \/>\nPropozycje dla dom\u00f3w samotnych matek, o\u015brodk\u00f3w terapeutycznych i resocjalizacyjnych, o\u015brodk\u00f3w interwencji kryzysowej, hosteli interwencyjnych:<br \/>\n1) Ju\u017c mnie nie skrzywdzisz \u2013 jak skutecznie chroni\u0107 si\u0119 przed przemoc\u0105 w sieci i jak zbiera\u0107 dowody przest\u0119pstw<br \/>\n2) Ratunku! Pomocy! Warsztaty z poszukiwania r\u00f3\u017cnych form pomocy w sieci.<br \/>\nPropozycje dla k\u00f3\u0142 gospody\u0144 wiejskich, dom\u00f3w seniora, uniwersytet\u00f3w 3 wieku i klub\u00f3w dla os\u00f3b 50+:<br \/>\n1) Plenerowo i cyfrowo \u2013 w jaki spos\u00f3b po\u0142\u0105czy\u0107 \u017cycie aktywne i cyfrowe<br \/>\n2) W Internecie gadam, nikt mnie nie okrada \u2013 czyli jak unikn\u0105\u0107 kradzie\u017cy w Internecie, porady dla seniora.<\/p>\n<p>Ponad to &#8211; w zale\u017cno\u015bci od potrzeb mog\u0119 &#8222;dogada\u0107&#8221; si\u0119 na r\u00f3\u017cne aktywno\u015bci z pogranicza technologii i psychologii, a tak\u017ce samej psychologii czy technologii. Tutaj jestem decyzyjna, wi\u0119c mo\u017cna poszale\u0107.<\/p>\n<p>**************************************W ramach ISSA *******************************************<br \/>\n1) CyfrowySenior \u2013 spotkania dla senior\u00f3w z zakresu bezpiecze\u0144stwa w sieci (domy seniora, rodzinne ogr\u00f3dki dzia\u0142kowe, uniwersytety 3 wieku, ko\u0142a gospody\u0144 itd.) &#8211; wi\u0119cej w mailu od ISSA. <a href=\"https:\/\/senior.issa.org.pl\/\" target=\"_blank\" rel=\"noopener\">https:\/\/senior.issa.org.pl\/<\/a><br \/>\n2) CyfrowySkaut (jeszcze nie dosz\u0142am do projektu, ale jak si\u0119 ch\u0119tni znajd\u0105 to do\u0142\u0105cz\u0119 \u2013 jeden telefon do kierownika projektu) \u2013 spotkania z zakresu bezpiecze\u0144stwa sieci dla m\u0142odzie\u017cy (szko\u0142y, \u015bwietlice, dru\u017cyny harcerskie). W tym wypadku istnieje mo\u017cliwo\u015b\u0107 zrobienia warsztat\u00f3w ca\u0142kiem bez technologii, ale o technologii. <a href=\"https:\/\/cyfrowyskaut.pl\/\" target=\"_blank\" rel=\"noopener\">https:\/\/cyfrowyskaut.pl\/<\/a><\/p>\n<p>************************W ramach Rodzimego Ko\u015bcio\u0142a Polskiego***************************************<br \/>\nDla kogo? Dowolne zorganizowane grupy minimum 5 os\u00f3b<br \/>\n1) Jak \u017cyli dawni S\u0142owianie i co m\u00f3wi to o nas dzisiaj<br \/>\n2) Wierzenia S\u0142owian \u2013 Bogowie i demony<br \/>\n3) Wierzenia S\u0142owian \u2013 Rok obrz\u0119dowy<br \/>\n4) Ro\u015bliny i zwierz\u0119ta w zwyczajach ludowych<br \/>\n5) Drzewa w kulturze S\u0142owian (mniej wi\u0119cej to, co mo\u017cna by\u0142o pos\u0142ucha\u0107 na zje\u017adzie, ale mo\u017cna po\u0142\u0105czy\u0107 z wyj\u015bciem w teren i opowiedzeniem tego w\u015br\u00f3d drzew)<br \/>\n6) Kr\u0105g pie\u015bni \u2013 \u015bpiewy przy ognisku (mog\u0119 przygotowa\u0107 \u015bpiewniki, wezm\u0119 instrumenty, jak trzeba to i jakie\u015b lekkie nag\u0142o\u015bnienie)<\/p>\n<p>****************** W RAMACH PROJEKTU HAKERSI*********************************************<br \/>\n<a href=\"https:\/\/hakersi.pl\/o-fundacji\/\" target=\"_blank\" rel=\"noopener\">https:\/\/hakersi.pl\/o-fundacji\/<\/a><\/p>\n<p>Mam mo\u017cliwo\u015b\u0107 przeprowadzenia lub za\u0142atwienia korepetycji dla dzieci wykluczonych cyfrowo (indywidualnie lub grupowo), albo za\u0142atwienia sprz\u0119tu komputerowego dla podmiot\u00f3w czy os\u00f3b.<\/p>\n<p>************************W RAMACH Polskiego Towarzystwa Zielarzy i Fitoterapeut\u00f3w***********<\/p>\n<p>Mo\u017cliwo\u015b\u0107 organizacji spacer\u00f3w ze zbieraniem ro\u015blin i pr\u00f3bami oznaczania, robienie wiank\u00f3w i kadzide\u0142ek &#8211; wymagany dost\u0119p do og\u00f3lnodost\u0119pnej \u0142\u0105ki.<\/p>\n<p>***********************************************************************************************<br \/>\nOczywi\u015bcie je\u015bli mog\u0119 wam pom\u00f3c w jakich\u015b waszych dzia\u0142aniach, gdzie si\u0119 przydam jako wolontariuszka, to te\u017c jestem ch\u0119tna;)<\/p>\n<p>Moja dost\u0119pno\u015b\u0107 to wieczory i niekt\u00f3re weekendy.<\/p>\n<p>Ch\u0119tnie do\u0142\u0105cz\u0119 do szk\u00f3\u0142, dru\u017cyn, klub\u00f3w, grup bardziej i mniej formalnych i przeprowadz\u0119 szkolenie, albo stoisko \u201efestynowe\u201d.<\/p>\n<p>Ostatnio w ramach instytutu cyberpsychologii robili\u015bmy takie szkolenia:<\/p>\n<ul>\n<li>Hejt i cyberprzemoc w szkole. Co mog\u0119 zrobi\u0107 jako rodzic, nauczyciel, kolega.<\/li>\n<li>Niepe\u0142nosprawni w Internecie. Czy mo\u017cna to zrobi\u0107 bezpiecznie?<\/li>\n<li>Uzale\u017cnienia cyfrowe \u2013 czy to realny problem? Jak go rozwi\u0105za\u0107?<\/li>\n<li>Praca zdalna a poczucie kontroli kadry zarz\u0105dzaj\u0105cej \u2013 jak znale\u017a\u0107 z\u0142oty \u015brodek i dostosowa\u0107 rozwi\u0105zania w firmie.<\/li>\n<li>Cyber Awerness dla NGO (organizacji pozarz\u0105dowych)<\/li>\n<li>Cyberbezpiecze\u0144stwo w pracy gabinetowej \u2013 na co zwr\u00f3ci\u0107 uwag\u0119 przy zdalnym udzielaniu pomocy (dla psycholog\u00f3w, psychoterapeut\u00f3w i lekarzy)<\/li>\n<\/ul>\n<p>Wi\u0119c mo\u017cemy je dla dowolnej grupy powt\u00f3rzy\u0107.<\/p>\n<p>B\u0119d\u0119 ten wpis jeszcze rozbudowywa\u0107:)<\/p>\n","protected":false},"excerpt":{"rendered":"<p>Ta strona b\u0119dzie aktualizowana;) Dzie\u0144 dobry. Jestem Angelika, studentka 5 roku psychologii, mgr in\u017c. informatyki, terapeutka TSR i RTZ, programistka, prezes Fundacji Polski Instytut Cyberpsychologii,&#8230;<\/p>\n<div class=\"more-link-wrapper\"><a class=\"more-link\" href=\"https:\/\/piatkosia.k4be.pl\/wordpress\/zapros-mnie-do-siebie\/\">Lecim dalej<span class=\"screen-reader-text\">Zapro\u015b mnie do siebie<\/span> <i class=\"fas fa-angle-right\"><\/i><\/a><\/div>\n","protected":false},"author":1,"featured_media":0,"parent":0,"menu_order":0,"comment_status":"closed","ping_status":"closed","template":"","meta":{"footnotes":""},"class_list":["post-1377","page","type-page","status-publish","hentry","entry"],"_links":{"self":[{"href":"https:\/\/piatkosia.k4be.pl\/wordpress\/wp-json\/wp\/v2\/pages\/1377","targetHints":{"allow":["GET"]}}],"collection":[{"href":"https:\/\/piatkosia.k4be.pl\/wordpress\/wp-json\/wp\/v2\/pages"}],"about":[{"href":"https:\/\/piatkosia.k4be.pl\/wordpress\/wp-json\/wp\/v2\/types\/page"}],"author":[{"embeddable":true,"href":"https:\/\/piatkosia.k4be.pl\/wordpress\/wp-json\/wp\/v2\/users\/1"}],"replies":[{"embeddable":true,"href":"https:\/\/piatkosia.k4be.pl\/wordpress\/wp-json\/wp\/v2\/comments?post=1377"}],"version-history":[{"count":3,"href":"https:\/\/piatkosia.k4be.pl\/wordpress\/wp-json\/wp\/v2\/pages\/1377\/revisions"}],"predecessor-version":[{"id":1380,"href":"https:\/\/piatkosia.k4be.pl\/wordpress\/wp-json\/wp\/v2\/pages\/1377\/revisions\/1380"}],"wp:attachment":[{"href":"https:\/\/piatkosia.k4be.pl\/wordpress\/wp-json\/wp\/v2\/media?parent=1377"}],"curies":[{"name":"wp","href":"https:\/\/api.w.org\/{rel}","templated":true}]}}