{"id":156,"date":"2011-08-03T17:12:07","date_gmt":"2011-08-03T17:12:07","guid":{"rendered":"http:\/\/piatkosia.k4be.pl\/wordpress\/?page_id=156"},"modified":"2015-10-19T10:58:59","modified_gmt":"2015-10-19T10:58:59","slug":"kontakt","status":"publish","type":"page","link":"https:\/\/piatkosia.k4be.pl\/wordpress\/kontakt\/","title":{"rendered":"Kontakt"},"content":{"rendered":"<p>Dla u\u0142atwienia przenios\u0142am tutaj dane kontaktowe<\/p>\n<ul>\n<li><b>Numery telefonu:<\/b> 726713162, 725060029 (kt\u00f3ry\u015b zawsze zadzia\u0142a)<\/li>\n<li><b>Komunikatory:<\/b><br \/>\n12704498 (Gadu-Gadu)<br \/>\npiatkosia2010 (Skype)<br \/>\npiatkosia@jabber.org(JID)<\/li>\n<li><b>Adres e-mail:<\/b><br \/>\npiatkosia.apt@interia.pl (pozosta\u0142ych nie sprawdzam)<\/li>\n<li><b>irc:<\/b> sie\u0107 quakenet: #listekklonu(nick piatkosia\/piatkosia_sesja); \u00a0pirc: , #listekklonu\u00a0#kanal i inne; Z doskoku mo\u017cna mnie znale\u017a\u0107 na efnet, polnet (jako clone), ircnet i innych.<\/li>\n<li><b>Sieci spo\u0142eczno\u015bciowe:<\/b><br \/>\n<a href=\"https:\/\/www.facebook.com\/mapleafgirl.clone\" target=\"_blank\">profil na facebooku<\/a>\u00a0(bo studia),<br \/>\n<a href=\"https:\/\/twitter.com\/piatkosia\" target=\"_blank\">twitter<\/a> ,<br \/>\n<a href=\"https:\/\/diasp.eu\/people\/a3101c96959cca6a\/\" target=\"_blank\">diaspora<\/a>,<br \/>\n<a href=\"https:\/\/plus.google.com\/111664265562434449419\/\" target=\"_blank\">google+<\/a><br \/>\n<a href=\"https:\/\/www.youtube.com\/user\/piatkosia2010\" target=\"_blank\">kana\u0142 na YT<\/a><br \/>\n<a href=\"https:\/\/pl.linkedin.com\/in\/piatkosia\" target=\"_blank\">linkedin<\/a><\/li>\n<li>Je\u017celi kto\u015b chce da\u0107 mi na piwo czy ksi\u0105\u017ck\u0119, mo\u017ce wp\u0142aca\u0107 tutaj 76102019540000700201157213 (PKO BP)<\/li>\n<li><b>Adres do korespondencji:<\/b> Angelika Maria Pi\u0105tkowska, Stare Dzieduszyce 46\/1; 66-460 Witnica<\/li>\n<\/ul>\n<p>Je\u017celi b\u0119dzie kto\u015b potrzebowa\u0142 innych danych, to mo\u017ce si\u0119 po nie zg\u0142osi\u0107 na kt\u00f3re\u015b z powy\u017cszych &#8211; jestem istot\u0105 kt\u00f3r\u0105 na prawd\u0119 \u0142atwo z\u0142apa\u0107 (na gor\u0105cym uczynku :p ).<\/p>\n","protected":false},"excerpt":{"rendered":"<p>Dla u\u0142atwienia przenios\u0142am tutaj dane kontaktowe Numery telefonu: 726713162, 725060029 (kt\u00f3ry\u015b zawsze zadzia\u0142a) Komunikatory: 12704498 (Gadu-Gadu) piatkosia2010 (Skype) piatkosia@jabber.org(JID) Adres e-mail: piatkosia.apt@interia.pl (pozosta\u0142ych nie sprawdzam)&#8230;<\/p>\n<div class=\"more-link-wrapper\"><a class=\"more-link\" href=\"https:\/\/piatkosia.k4be.pl\/wordpress\/kontakt\/\">Lecim dalej<span class=\"screen-reader-text\">Kontakt<\/span> <i class=\"fas fa-angle-right\"><\/i><\/a><\/div>\n","protected":false},"author":1,"featured_media":0,"parent":0,"menu_order":0,"comment_status":"open","ping_status":"open","template":"","meta":{"footnotes":""},"class_list":["post-156","page","type-page","status-publish","hentry","entry"],"_links":{"self":[{"href":"https:\/\/piatkosia.k4be.pl\/wordpress\/wp-json\/wp\/v2\/pages\/156","targetHints":{"allow":["GET"]}}],"collection":[{"href":"https:\/\/piatkosia.k4be.pl\/wordpress\/wp-json\/wp\/v2\/pages"}],"about":[{"href":"https:\/\/piatkosia.k4be.pl\/wordpress\/wp-json\/wp\/v2\/types\/page"}],"author":[{"embeddable":true,"href":"https:\/\/piatkosia.k4be.pl\/wordpress\/wp-json\/wp\/v2\/users\/1"}],"replies":[{"embeddable":true,"href":"https:\/\/piatkosia.k4be.pl\/wordpress\/wp-json\/wp\/v2\/comments?post=156"}],"version-history":[{"count":14,"href":"https:\/\/piatkosia.k4be.pl\/wordpress\/wp-json\/wp\/v2\/pages\/156\/revisions"}],"predecessor-version":[{"id":847,"href":"https:\/\/piatkosia.k4be.pl\/wordpress\/wp-json\/wp\/v2\/pages\/156\/revisions\/847"}],"wp:attachment":[{"href":"https:\/\/piatkosia.k4be.pl\/wordpress\/wp-json\/wp\/v2\/media?parent=156"}],"curies":[{"name":"wp","href":"https:\/\/api.w.org\/{rel}","templated":true}]}}